{"id":181,"date":"2025-10-01T23:15:32","date_gmt":"2025-10-01T20:15:32","guid":{"rendered":"https:\/\/www.avantibuildingdesign.com\/?page_id=181"},"modified":"2025-10-07T22:56:00","modified_gmt":"2025-10-07T19:56:00","slug":"what-are-we-doing","status":"publish","type":"page","link":"https:\/\/www.avantibuildingdesign.com\/en\/what-are-we-doing\/","title":{"rendered":"What are we doing?"},"content":{"rendered":"<p>[et_pb_section fb_built=&#8221;1&#8243; admin_label=&#8221;Header&#8221; _builder_version=&#8221;4.27.4&#8243; _module_preset=&#8221;default&#8221; custom_margin=&#8221;||83px||false|false&#8221; custom_margin_tablet=&#8221;125px||||false|false&#8221; custom_margin_phone=&#8221;125px||||false|false&#8221; custom_margin_last_edited=&#8221;on|phone&#8221; collapsed=&#8221;on&#8221; global_colors_info=&#8221;{}&#8221;][et_pb_row _builder_version=&#8221;4.27.0&#8243; _module_preset=&#8221;default&#8221; max_width=&#8221;800px&#8221; global_colors_info=&#8221;{}&#8221;][et_pb_column type=&#8221;4_4&#8243; _builder_version=&#8221;4.27.0&#8243; _module_preset=&#8221;45f008e0-f0ce-4b42-8b5e-fda90f970810&#8243; global_colors_info=&#8221;{}&#8221;][et_pb_heading title=&#8221;Ne Yap\u0131yoruz?&#8221; _builder_version=&#8221;4.27.4&#8243; _module_preset=&#8221;6cb7b146-b4d3-4962-a1a6-02b0008ca926&#8243; title_font=&#8221;Poppins|700||on|||||&#8221; title_text_align=&#8221;center&#8221; title_text_color=&#8221;gcid-primary-color&#8221; locked=&#8221;off&#8221; global_colors_info=&#8221;{%22gcid-primary-color%22:%91%22title_text_color%22%93}&#8221;][\/et_pb_heading][et_pb_heading title=&#8221;Her Projede Yenilik, Her Detayda Kalite&#8221; _builder_version=&#8221;4.27.4&#8243; _module_preset=&#8221;3d8afd07-fedf-4f66-891f-6b281e6f829e&#8221; title_font=&#8221;Poppins||||||||&#8221; title_text_align=&#8221;center&#8221; custom_margin=&#8221;||10px||false|false&#8221; global_colors_info=&#8221;{}&#8221;][\/et_pb_heading][et_pb_text _builder_version=&#8221;4.27.4&#8243; _module_preset=&#8221;16664674-e1f7-4948-b8ac-0d7c9d146fe9&#8243; text_font=&#8221;Poppins||||||||&#8221; text_orientation=&#8221;center&#8221; custom_margin=&#8221;||30px||false|false&#8221; global_colors_info=&#8221;{}&#8221;]<\/p>\n<p>By combining architecture and engineering with a holistic approach, we design contemporary, sustainable, and safe buildings. Our areas of expertise include:<\/p>\n<p>[\/et_pb_text][\/et_pb_column][\/et_pb_row][\/et_pb_section][et_pb_section fb_built=&#8221;1&#8243; admin_label=&#8221;Project Info&#8221; _builder_version=&#8221;4.27.4&#8243; _module_preset=&#8221;c790e483-2e71-4a32-9e8e-9578110c9544&#8243; background_color=&#8221;#000000&#8243; custom_padding=&#8221;||||false|false&#8221; collapsed=&#8221;on&#8221; global_colors_info=&#8221;{}&#8221;][et_pb_row custom_padding_last_edited=&#8221;on|tablet&#8221; _builder_version=&#8221;4.27.0&#8243; _module_preset=&#8221;default&#8221; custom_margin=&#8221;|||&#8221; custom_padding_tablet=&#8221;||0px||false|false&#8221; custom_padding_phone=&#8221;||0px||false|false&#8221; animation_direction=&#8221;bottom&#8221; global_colors_info=&#8221;{}&#8221;][et_pb_column type=&#8221;4_4&#8243; _builder_version=&#8221;4.16&#8243; _module_preset=&#8221;45f008e0-f0ce-4b42-8b5e-fda90f970810&#8243; custom_padding=&#8221;|||&#8221; global_colors_info=&#8221;{}&#8221; custom_padding__hover=&#8221;|||&#8221;][et_pb_image src=&#8221;https:\/\/www.avantibuildingdesign.com\/wp-content\/uploads\/2025\/09\/woodcube-studio-avanti.jpg&#8221; title_text=&#8221;woodcube studio avanti&#8221; align=&#8221;center&#8221; _builder_version=&#8221;4.27.4&#8243; _module_preset=&#8221;default&#8221; custom_margin=&#8221;-200px||||false|false&#8221; animation_direction=&#8221;bottom&#8221; global_colors_info=&#8221;{}&#8221;][\/et_pb_image][\/et_pb_column][\/et_pb_row][\/et_pb_section][et_pb_section fb_built=&#8221;1&#8243; admin_label=&#8221;About &#038; Services&#8221; _builder_version=&#8221;4.27.4&#8243; _module_preset=&#8221;27958d17-a2c9-4dce-ab81-4608729cc115&#8243; background_color=&#8221;#000000&#8243; background_enable_image=&#8221;off&#8221; locked=&#8221;off&#8221; collapsed=&#8221;on&#8221; global_colors_info=&#8221;{}&#8221;][et_pb_row _builder_version=&#8221;4.27.4&#8243; _module_preset=&#8221;7d606aab-3a43-44da-9f3e-52de215a0095&#8243; background_color=&#8221;gcid-primary-color&#8221; locked=&#8221;off&#8221; global_colors_info=&#8221;{%22gcid-primary-color%22:%91%22background_color%22%93}&#8221;][et_pb_column type=&#8221;4_4&#8243; _builder_version=&#8221;4.27.0&#8243; _module_preset=&#8221;45f008e0-f0ce-4b42-8b5e-fda90f970810&#8243;][et_pb_blurb title=&#8221;Entegre Yap\u0131 Tasar\u0131m\u0131&#8221; _builder_version=&#8221;4.27.4&#8243; _module_preset=&#8221;cdf90875-3a53-4414-92b0-da720865caed&#8221; header_font=&#8221;Poppins||||||||&#8221;]<\/p>\n<p><em>In modern architectural and engineering processes, the early integration of all building disciplines is critical for both design and performance. Integrated building design is an approach that integrates architecture, structural engineering, mechanical and electrical systems, and sustainability criteria into a holistic approach.<\/em><\/p>\n<p><em>Thanks to this approach:<\/em><\/p>\n<ul>\n<li><em>Structural systems and mechanical-electrical installations support each other, minimizing conflicts.<\/em><\/li>\n<li><em>Energy efficiency, material usage and cost optimization are achieved.<\/em><\/li>\n<li><em>During the design process, decisions are considered in line with performance and aesthetic goals.<\/em><\/li>\n<li><em>Sustainability and comfort criteria are prioritized throughout the building life cycle.<\/em><\/li>\n<\/ul>\n<p><em>Integrated building design brings together all building systems without being limited to a single discipline, creating more efficient, flexible and high-performance buildings.<\/em><\/p>\n<p>[\/et_pb_blurb][\/et_pb_column][\/et_pb_row][et_pb_row _builder_version=&#8221;4.27.4&#8243; _module_preset=&#8221;7d606aab-3a43-44da-9f3e-52de215a0095&#8243; background_color=&#8221;gcid-primary-color&#8221; custom_margin=&#8221;40px|auto||auto||&#8221; locked=&#8221;off&#8221; global_colors_info=&#8221;{%22gcid-primary-color%22:%91%22background_color%22%93}&#8221;][et_pb_column type=&#8221;4_4&#8243; _builder_version=&#8221;4.27.0&#8243; _module_preset=&#8221;45f008e0-f0ce-4b42-8b5e-fda90f970810&#8243;][et_pb_blurb title=&#8221;Hesaplamal\u0131 Tasar\u0131m&#038;Parametrik Mimarl\u0131k &#8221; _builder_version=&#8221;4.27.4&#8243; _module_preset=&#8221;cdf90875-3a53-4414-92b0-da720865caed&#8221; header_font=&#8221;Poppins||||||||&#8221;]<\/p>\n<p data-start=\"99\" data-end=\"343\"><em data-start=\"99\" data-end=\"341\">Architecture today is not just about aesthetics and functionality; it&#039;s also a process driven by data, algorithms, and performance. We combine computational design and parametric architecture approaches in our projects.<\/em><\/p>\n<p data-start=\"345\" data-end=\"644\"><em data-start=\"345\" data-end=\"642\">This approach allows us to reimagine the design&#039;s form, function, and performance by defining specific parameters for each project. Variables such as light, wind, acoustics, energy efficiency, and occupant density become active design inputs that shape the project&#039;s character.<\/em><\/p>\n<p data-start=\"646\" data-end=\"1023\"><em data-start=\"646\" data-end=\"1021\">Parametric architecture not only produces visually innovative forms, but also creates value in terms of environmental sustainability, material optimization, and user experience. Computational design, with algorithmic methods and digital fabrication technologies supporting this process, is integrated throughout the design process, from conception to production.<\/em><\/p>\n<p>[\/et_pb_blurb][\/et_pb_column][\/et_pb_row][et_pb_row _builder_version=&#8221;4.27.4&#8243; _module_preset=&#8221;7d606aab-3a43-44da-9f3e-52de215a0095&#8243; background_color=&#8221;gcid-primary-color&#8221; custom_margin=&#8221;40px|auto||auto||&#8221; locked=&#8221;off&#8221; global_colors_info=&#8221;{%22gcid-primary-color%22:%91%22background_color%22%93}&#8221;][et_pb_column type=&#8221;4_4&#8243; _builder_version=&#8221;4.27.0&#8243; _module_preset=&#8221;45f008e0-f0ce-4b42-8b5e-fda90f970810&#8243;][et_pb_blurb title=&#8221;Pasif Ev Tasar\u0131m\u0131 &#8221; _builder_version=&#8221;4.27.4&#8243; _module_preset=&#8221;cdf90875-3a53-4414-92b0-da720865caed&#8221; header_font=&#8221;Poppins||||||||&#8221;]<\/p>\n<p><em>The architecture of the future is built on energy efficiency and sustainability. Passive house design is one of the most advanced examples of this approach. Its goal is to provide maximum comfort with minimum energy consumption.<\/em><\/p>\n<p><em>Passive house design is based on thermal insulation, air tightness, proper orientation, high-performance windows, and controlled ventilation systems. Solar energy is utilized most efficiently while heat loss is minimized. This results in both low heating requirements in winter and low cooling requirements in summer.<\/em><\/p>\n<p><em>In our approach, passive houses are not only energy-efficient structures but also healthy, comfortable, and environmentally friendly living spaces. Through the use of natural light, clean air, and smart materials, we enhance quality of life while reducing our carbon footprint.<\/em><\/p>\n<p>[\/et_pb_blurb][\/et_pb_column][\/et_pb_row][et_pb_row _builder_version=&#8221;4.27.4&#8243; _module_preset=&#8221;7d606aab-3a43-44da-9f3e-52de215a0095&#8243; background_color=&#8221;gcid-primary-color&#8221; custom_margin=&#8221;40px|auto||auto||&#8221; locked=&#8221;off&#8221; global_colors_info=&#8221;{%22gcid-primary-color%22:%91%22background_color%22%93}&#8221;][et_pb_column type=&#8221;4_4&#8243; _builder_version=&#8221;4.27.0&#8243; _module_preset=&#8221;45f008e0-f0ce-4b42-8b5e-fda90f970810&#8243;][et_pb_blurb title=&#8221;D\u00fc\u015f\u00fck Enerjili Bina Tasar\u0131m\u0131 &#8221; _builder_version=&#8221;4.27.4&#8243; _module_preset=&#8221;cdf90875-3a53-4414-92b0-da720865caed&#8221; header_font=&#8221;Poppins||||||||&#8221;]<\/p>\n<p><em>One of the most important goals in building design today is to reduce energy consumption, both to reduce environmental impact and to provide economic benefits to the user. Low-energy buildings are structures with increased efficiency that consume significantly less energy than standard structures.<\/em><\/p>\n<p><em>In these buildings, heating, cooling, and lighting needs are minimized thanks to thermal insulation, air tightness, high-performance windows, and energy-efficient mechanical systems. This reduces energy consumption and ensures high comfort in living spaces.<\/em><\/p>\n<p><em>The low-energy building approach not only means saving energy, but also using environmentally friendly materials, healthy indoor environments, and sustainable living standards. Going forward, these buildings represent an important transition to nZEB (nearly zero-energy buildings) and passive houses.<\/em><\/p>\n<p>[\/et_pb_blurb][\/et_pb_column][\/et_pb_row][et_pb_row _builder_version=&#8221;4.27.4&#8243; _module_preset=&#8221;7d606aab-3a43-44da-9f3e-52de215a0095&#8243; background_color=&#8221;gcid-primary-color&#8221; custom_margin=&#8221;40px|auto||auto||&#8221; locked=&#8221;off&#8221; global_colors_info=&#8221;{%22gcid-primary-color%22:%91%22background_color%22%93}&#8221;][et_pb_column type=&#8221;4_4&#8243; _builder_version=&#8221;4.27.0&#8243; _module_preset=&#8221;45f008e0-f0ce-4b42-8b5e-fda90f970810&#8243;][et_pb_blurb title=&#8221;Yap\u0131 Zarf\u0131 ve Cephe M\u00fchendisli\u011fi&#8221; _builder_version=&#8221;4.27.4&#8243; _module_preset=&#8221;cdf90875-3a53-4414-92b0-da720865caed&#8221; header_font=&#8221;Poppins||||||||&#8221;]<\/p>\n<p><em>A building&#039;s performance, comfort, and sustainability depend largely on its envelope design. Building envelope component engineering encompasses the engineering and design processes of the entire building envelope, from roof to fa\u00e7ade, windows to doors.<\/em><\/p>\n<p><em>This discipline aims to optimize the thermal, water, air, and sound insulation performance of all elements separating the building&#039;s interior and exterior environments. Proper material selection and integration improves energy efficiency and creates comfortable and healthy interior spaces.<\/em><\/p>\n<p><em>Building envelope engineering also balances the building&#039;s durability, wind and earthquake resistance, and aesthetic design. Modern design approaches and digital modeling techniques enable us to develop solutions that meet both functional and visual standards.<\/em><\/p>\n<p>[\/et_pb_blurb][\/et_pb_column][\/et_pb_row][et_pb_row _builder_version=&#8221;4.27.4&#8243; _module_preset=&#8221;7d606aab-3a43-44da-9f3e-52de215a0095&#8243; background_color=&#8221;gcid-primary-color&#8221; custom_margin=&#8221;40px|auto||auto||&#8221; locked=&#8221;off&#8221; global_colors_info=&#8221;{%22gcid-primary-color%22:%91%22background_color%22%93}&#8221;][et_pb_column type=&#8221;4_4&#8243; _builder_version=&#8221;4.27.0&#8243; _module_preset=&#8221;45f008e0-f0ce-4b42-8b5e-fda90f970810&#8243;][et_pb_blurb title=&#8221;Sismik Tasar\u0131m &#8221; _builder_version=&#8221;4.27.4&#8243; _module_preset=&#8221;cdf90875-3a53-4414-92b0-da720865caed&#8221; header_font=&#8221;Poppins||||||||&#8221;]<\/p>\n<p><em>Seismic design is an engineering approach designed to ensure that structures are safe, durable, and resilient against earthquakes. This design method aims to ensure that buildings and infrastructure can withstand the forces that may occur during an earthquake and minimize damage.<\/em><\/p>\n<p><em>During the seismic design process:<\/em><\/p>\n<p><em>The structural system of the building is planned to absorb and distribute earthquake loads.<\/em><\/p>\n<p><em>Material selection and structural details are determined to increase safety and optimize deformation capacity.<\/em><\/p>\n<p><em>Risks are reduced by taking into account soil and foundation interactions.<\/em><\/p>\n<p><em>The geometry and layout of the structure are designed to improve seismic performance.<\/em><\/p>\n<p><em>Different earthquake scenarios are tested using modern simulation and analysis methods.<\/em><\/p>\n<p><em>Seismic design not only ensures building safety, but also offers significant advantages in terms of quality of life, economic efficiency and sustainability.<\/em><\/p>\n<p>[\/et_pb_blurb][\/et_pb_column][\/et_pb_row][et_pb_row _builder_version=&#8221;4.27.0&#8243; locked=&#8221;off&#8221; global_colors_info=&#8221;{}&#8221;][et_pb_column type=&#8221;4_4&#8243; _builder_version=&#8221;4.16&#8243; custom_padding=&#8221;|||&#8221; custom_padding__hover=&#8221;|||&#8221;][et_pb_button button_url=&#8221;@ET-DC@eyJkeW5hbWljIjp0cnVlLCJjb250ZW50IjoicG9zdF9saW5rX3VybF9wYWdlIiwic2V0dGluZ3MiOnsicG9zdF9pZCI6IjYifX0=@&#8221; button_text=&#8221;Kurumsal&#8221; button_alignment=&#8221;center&#8221; _builder_version=&#8221;4.27.4&#8243; _dynamic_attributes=&#8221;button_url&#8221; _module_preset=&#8221;2fdf0008-87d3-44e5-aff0-d773d16e364f&#8221; button_letter_spacing_hover=&#8221;2px&#8221; button_bg_color_hover=&#8221;rgba(0,0,0,0)&#8221; locked=&#8221;off&#8221; global_colors_info=&#8221;{}&#8221; button_one_text_size__hover_enabled=&#8221;off&#8221; button_two_text_size__hover_enabled=&#8221;off&#8221; button_one_text_color__hover_enabled=&#8221;off&#8221; button_two_text_color__hover_enabled=&#8221;off&#8221; button_one_border_width__hover_enabled=&#8221;off&#8221; button_two_border_width__hover_enabled=&#8221;off&#8221; button_one_border_color__hover_enabled=&#8221;off&#8221; button_two_border_color__hover_enabled=&#8221;off&#8221; button_one_border_radius__hover_enabled=&#8221;off&#8221; button_two_border_radius__hover_enabled=&#8221;off&#8221; button_one_letter_spacing__hover_enabled=&#8221;off&#8221; button_two_letter_spacing__hover_enabled=&#8221;off&#8221; button_one_bg_color__hover_enabled=&#8221;off&#8221; button_two_bg_color__hover_enabled=&#8221;off&#8221;][\/et_pb_button][\/et_pb_column][\/et_pb_row][\/et_pb_section][et_pb_section fb_built=&#8221;1&#8243; admin_label=&#8221;About&#8221; _builder_version=&#8221;4.27.4&#8243; _module_preset=&#8221;c790e483-2e71-4a32-9e8e-9578110c9544&#8243; background_color=&#8221;#FFFFFF&#8221; global_colors_info=&#8221;{}&#8221;][et_pb_row _builder_version=&#8221;4.27.0&#8243; _module_preset=&#8221;default&#8221; global_colors_info=&#8221;{}&#8221;][et_pb_column type=&#8221;4_4&#8243; _builder_version=&#8221;4.27.0&#8243; _module_preset=&#8221;45f008e0-f0ce-4b42-8b5e-fda90f970810&#8243; global_colors_info=&#8221;{}&#8221;][et_pb_heading title=&#8221;Yakla\u015f\u0131m\u0131m\u0131z&#8221; _builder_version=&#8221;4.27.4&#8243; _module_preset=&#8221;d11a4f20-a856-4f4d-b45a-33fcf2c7d1de&#8221; title_font=&#8221;Poppins||||||||&#8221; title_text_color=&#8221;#000000&#8243; global_colors_info=&#8221;{}&#8221;][\/et_pb_heading][\/et_pb_column][\/et_pb_row][et_pb_row column_structure=&#8221;1_2,1_2&#8243; _builder_version=&#8221;4.27.0&#8243; _module_preset=&#8221;default&#8221; global_colors_info=&#8221;{}&#8221;][et_pb_column type=&#8221;1_2&#8243; _builder_version=&#8221;4.27.0&#8243; _module_preset=&#8221;45f008e0-f0ce-4b42-8b5e-fda90f970810&#8243; global_colors_info=&#8221;{}&#8221;][et_pb_text _builder_version=&#8221;4.27.4&#8243; _module_preset=&#8221;bd8cdeb5-98ba-4356-9cc1-70f3b254d5f5&#8243; text_font=&#8221;Poppins||||||||&#8221; text_text_color=&#8221;#000000&#8243; global_colors_info=&#8221;{}&#8221;]<\/p>\n<p data-start=\"303\" data-end=\"696\">As STUDIO AVANTI, in every project; <strong data-start=\"337\" data-end=\"383\">aesthetics, functionality and sustainability<\/strong> We bring together our designs with a holistic approach. Energy efficiency, the use of natural light, environmentally friendly materials, and contemporary engineering solutions are at the forefront of our designs. Our goal is not only to meet today&#039;s needs; it is also to create structures that shape the lifestyles of the future.<\/p>\n<p data-start=\"698\" data-end=\"985\">We meticulously consider every detail, placing user experience at the heart of every stage. From spatial planning and technical engineering solutions to modern design and the integration of innovative technologies, we develop reliable, long-lasting, and value-creating projects across the entire process.<\/p>\n<p>[\/et_pb_text][\/et_pb_column][et_pb_column type=&#8221;1_2&#8243; _builder_version=&#8221;4.27.0&#8243; _module_preset=&#8221;45f008e0-f0ce-4b42-8b5e-fda90f970810&#8243; global_colors_info=&#8221;{}&#8221;][et_pb_blurb title=&#8221;Cephe &#038; D\u0131\u015f Tasar\u0131m&#8221; use_icon=&#8221;on&#8221; font_icon=&#8221;&#xf1ad;||fa||900&#8243; _builder_version=&#8221;4.27.4&#8243; _module_preset=&#8221;fc783452-a425-4a29-8d82-9a7e6a37f5b7&#8243; header_font=&#8221;Poppins||||||||&#8221; header_text_color=&#8221;#000000&#8243; body_font=&#8221;Poppins||||||||&#8221; body_text_color=&#8221;#000000&#8243; locked=&#8221;off&#8221;]<\/p>\n<p data-start=\"1022\" data-end=\"1170\">With modern and functional fa\u00e7ade systems, we harmonize buildings with their surroundings and at the same time give them a strong architectural identity.<\/p>\n<p>[\/et_pb_blurb][et_pb_blurb title=&#8221;\u0130\u00e7 Mek\u00e2n Tasar\u0131m\u0131&#8221; use_icon=&#8221;on&#8221; font_icon=&#8221;&#xf125;||fa||900&#8243; _builder_version=&#8221;4.27.4&#8243; _module_preset=&#8221;fc783452-a425-4a29-8d82-9a7e6a37f5b7&#8243; header_font=&#8221;Poppins||||||||&#8221; header_text_color=&#8221;#000000&#8243; body_font=&#8221;Poppins||||||||&#8221; body_text_color=&#8221;#000000&#8243; locked=&#8221;off&#8221;]<\/p>\n<p data-start=\"1200\" data-end=\"1372\">We design spaces that prioritize user needs, focusing on comfort and aesthetics. We add value to interiors with original planning, a rich selection of materials, and detailed solutions.<\/p>\n<p>[\/et_pb_blurb][et_pb_blurb title=&#8221;Proje &#038; Uygulama Y\u00f6netimi&#8221; use_icon=&#8221;on&#8221; font_icon=&#8221;&#xf0ae;||fa||900&#8243; _builder_version=&#8221;4.27.4&#8243; _module_preset=&#8221;fc783452-a425-4a29-8d82-9a7e6a37f5b7&#8243; header_font=&#8221;Poppins||||||||&#8221; header_text_color=&#8221;#000000&#8243; body_font=&#8221;Poppins||||||||&#8221; body_text_color=&#8221;#000000&#8243; locked=&#8221;off&#8221;]<\/p>\n<p data-start=\"1410\" data-end=\"1618\">We effectively manage every phase of projects, ensuring they are completed on time and to the highest standards. We integrate the principles of quality, safety, and sustainability throughout the entire implementation process.<\/p>\n<p>[\/et_pb_blurb][\/et_pb_column][\/et_pb_row][\/et_pb_section][et_pb_section fb_built=&#8221;1&#8243; admin_label=&#8221;Projects&#8221; _builder_version=&#8221;4.27.4&#8243; _module_preset=&#8221;c790e483-2e71-4a32-9e8e-9578110c9544&#8243; background_enable_color=&#8221;off&#8221; collapsed=&#8221;on&#8221; global_colors_info=&#8221;{}&#8221;][et_pb_row _builder_version=&#8221;4.27.0&#8243; _module_preset=&#8221;default&#8221; global_colors_info=&#8221;{}&#8221;][et_pb_column type=&#8221;4_4&#8243; _builder_version=&#8221;4.27.0&#8243; _module_preset=&#8221;45f008e0-f0ce-4b42-8b5e-fda90f970810&#8243; global_colors_info=&#8221;{}&#8221;][et_pb_heading title=&#8221;Daha fazla&#8221; _builder_version=&#8221;4.27.4&#8243; _module_preset=&#8221;d11a4f20-a856-4f4d-b45a-33fcf2c7d1de&#8221; title_font=&#8221;Poppins||||||||&#8221; title_text_color=&#8221;#000000&#8243; global_colors_info=&#8221;{}&#8221;][\/et_pb_heading][\/et_pb_column][\/et_pb_row][et_pb_row column_structure=&#8221;1_2,1_2&#8243; _builder_version=&#8221;4.27.4&#8243; _module_preset=&#8221;default&#8221; locked=&#8221;off&#8221; global_colors_info=&#8221;{}&#8221;][et_pb_column type=&#8221;1_2&#8243; _builder_version=&#8221;4.27.4&#8243; _dynamic_attributes=&#8221;link_option_url&#8221; _module_preset=&#8221;3cc52879-e291-42da-ae1a-f3c2063d07ee&#8221; background_image=&#8221;https:\/\/startersites1.divi.support\/architect\/wp-content\/uploads\/sites\/5\/2024\/09\/architect-firm-01-3.jpg&#8221; link_option_url=&#8221;@ET-DC@eyJkeW5hbWljIjp0cnVlLCJjb250ZW50IjoicG9zdF9saW5rX3VybF9wYWdlIiwic2V0dGluZ3MiOnsicG9zdF9pZCI6IjEwIn19@&#8221; box_shadow_style=&#8221;preset3&#8243; global_colors_info=&#8221;{}&#8221;][et_pb_heading title=&#8221;Hemen Aray\u0131n&#8221; _builder_version=&#8221;4.27.4&#8243; _module_preset=&#8221;6cb7b146-b4d3-4962-a1a6-02b0008ca926&#8243; title_text_color=&#8221;gcid-primary-color&#8221; locked=&#8221;off&#8221; global_colors_info=&#8221;{%22gcid-primary-color%22:%91%22title_text_color%22%93}&#8221;][\/et_pb_heading][et_pb_cta title=&#8221;\u0130leti\u015fim&#8221; button_url=&#8221;@ET-DC@eyJkeW5hbWljIjp0cnVlLCJjb250ZW50IjoicG9zdF9saW5rX3VybF9wYWdlIiwic2V0dGluZ3MiOnsicG9zdF9pZCI6IjEwIn19@&#8221; button_text=&#8221;Daha Fazla&#8221; _builder_version=&#8221;4.27.4&#8243; _dynamic_attributes=&#8221;button_url&#8221; _module_preset=&#8221;49e7f4f9-ab34-4b6b-9797-fb9c627806ef&#8221; use_background_color=&#8221;off&#8221; button_bg_color=&#8221;RGBA(255,255,255,0)&#8221; button_icon=&#8221;&#x4b;||divi||400&#8243; button_icon_placement=&#8221;left&#8221; button_on_hover=&#8221;off&#8221; button_custom_padding=&#8221;0px|12px|0px|12px|true|true&#8221; text_orientation=&#8221;left&#8221; global_colors_info=&#8221;{%22gcid-primary-color%22:%91%22button_text_color%22%93}&#8221;][\/et_pb_cta][\/et_pb_column][et_pb_column type=&#8221;1_2&#8243; _builder_version=&#8221;4.27.4&#8243; _dynamic_attributes=&#8221;link_option_url&#8221; _module_preset=&#8221;3cc52879-e291-42da-ae1a-f3c2063d07ee&#8221; background_image=&#8221;https:\/\/www.avantibuildingdesign.com\/wp-content\/uploads\/2025\/09\/architect-firm-09-2.jpg&#8221; link_option_url=&#8221;@ET-DC@eyJkeW5hbWljIjp0cnVlLCJjb250ZW50IjoicG9zdF9saW5rX3VybF9wYWdlIiwic2V0dGluZ3MiOnsicG9zdF9pZCI6IjE0In19@&#8221; box_shadow_style=&#8221;preset3&#8243; global_colors_info=&#8221;{}&#8221;][et_pb_heading title=&#8221;Mimari \u0130zlerimiz&#8221; _builder_version=&#8221;4.27.4&#8243; _module_preset=&#8221;6cb7b146-b4d3-4962-a1a6-02b0008ca926&#8243; title_text_color=&#8221;gcid-primary-color&#8221; locked=&#8221;off&#8221; global_colors_info=&#8221;{%22gcid-primary-color%22:%91%22title_text_color%22%93}&#8221;][\/et_pb_heading][et_pb_cta title=&#8221;Projelerimiz&#8221; button_url=&#8221;@ET-DC@eyJkeW5hbWljIjp0cnVlLCJjb250ZW50IjoicG9zdF9saW5rX3VybF9wYWdlIiwic2V0dGluZ3MiOnsicG9zdF9pZCI6IjE0In19@&#8221; button_text=&#8221;Daha Fazla&#8221; _builder_version=&#8221;4.27.4&#8243; _dynamic_attributes=&#8221;button_url&#8221; _module_preset=&#8221;49e7f4f9-ab34-4b6b-9797-fb9c627806ef&#8221; use_background_color=&#8221;off&#8221; button_bg_color=&#8221;RGBA(255,255,255,0)&#8221; button_icon=&#8221;&#x4b;||divi||400&#8243; button_icon_placement=&#8221;left&#8221; button_on_hover=&#8221;off&#8221; button_custom_padding=&#8221;0px|12px|0px|12px|true|true&#8221; text_orientation=&#8221;left&#8221; global_colors_info=&#8221;{%22gcid-primary-color%22:%91%22button_text_color%22%93}&#8221;][\/et_pb_cta][\/et_pb_column][\/et_pb_row][\/et_pb_section]<\/p>","protected":false},"excerpt":{"rendered":"<p>Mimarl\u0131k ve m\u00fchendisli\u011fi b\u00fct\u00fcnc\u00fcl bir yakla\u015f\u0131mla birle\u015ftirerek, \u00e7a\u011fda\u015f, s\u00fcrd\u00fcr\u00fclebilir ve g\u00fcvenli yap\u0131lar tasarl\u0131yoruz. \u0130\u015fte uzmanl\u0131k alanlar\u0131m\u0131z:Modern mimarl\u0131k ve m\u00fchendislik s\u00fcre\u00e7lerinde, yap\u0131n\u0131n t\u00fcm disiplinlerinin erken a\u015famada bir araya gelmesi, hem tasar\u0131m hem de performans a\u00e7\u0131s\u0131ndan kritik \u00f6neme sahiptir. Entegre yap\u0131 tasar\u0131m\u0131, mimarl\u0131k, yap\u0131 m\u00fchendisli\u011fi, mekanik-elektrik sistemler ve s\u00fcrd\u00fcr\u00fclebilirlik kriterlerinin bir b\u00fct\u00fcn olarak planland\u0131\u011f\u0131 bir yakla\u015f\u0131md\u0131r. Bu [&hellip;]<\/p>","protected":false},"author":1,"featured_media":0,"parent":0,"menu_order":0,"comment_status":"closed","ping_status":"closed","template":"","meta":{"_et_pb_use_builder":"on","_et_pb_old_content":"","_et_gb_content_width":"","slim_seo":{"title":"Ne yap\u0131yoruz? - STUDIO AVANTI","description":"By combining architecture and engineering with a holistic approach, we design contemporary, sustainable, and safe buildings. Our areas of expertise include: Modern architecture"},"footnotes":""},"dipi_cpt_category":[],"class_list":["post-181","page","type-page","status-publish","hentry"],"_links":{"self":[{"href":"https:\/\/www.avantibuildingdesign.com\/en\/wp-json\/wp\/v2\/pages\/181","targetHints":{"allow":["GET"]}}],"collection":[{"href":"https:\/\/www.avantibuildingdesign.com\/en\/wp-json\/wp\/v2\/pages"}],"about":[{"href":"https:\/\/www.avantibuildingdesign.com\/en\/wp-json\/wp\/v2\/types\/page"}],"author":[{"embeddable":true,"href":"https:\/\/www.avantibuildingdesign.com\/en\/wp-json\/wp\/v2\/users\/1"}],"replies":[{"embeddable":true,"href":"https:\/\/www.avantibuildingdesign.com\/en\/wp-json\/wp\/v2\/comments?post=181"}],"version-history":[{"count":0,"href":"https:\/\/www.avantibuildingdesign.com\/en\/wp-json\/wp\/v2\/pages\/181\/revisions"}],"wp:attachment":[{"href":"https:\/\/www.avantibuildingdesign.com\/en\/wp-json\/wp\/v2\/media?parent=181"}],"wp:term":[{"taxonomy":"dipi_cpt_category","embeddable":true,"href":"https:\/\/www.avantibuildingdesign.com\/en\/wp-json\/wp\/v2\/dipi_cpt_category?post=181"}],"curies":[{"name":"wp","href":"https:\/\/api.w.org\/{rel}","templated":true}]}}