{"id":6,"date":"2025-09-23T23:14:42","date_gmt":"2025-09-23T20:14:42","guid":{"rendered":"https:\/\/www.avantibuildingdesign.com\/?page_id=6"},"modified":"2025-10-05T00:34:18","modified_gmt":"2025-10-04T21:34:18","slug":"about-us","status":"publish","type":"page","link":"https:\/\/www.avantibuildingdesign.com\/en\/about-us\/","title":{"rendered":"About us"},"content":{"rendered":"<p>[et_pb_section fb_built=&#8221;1&#8243; admin_label=&#8221;Header&#8221; _builder_version=&#8221;4.27.0&#8243; _module_preset=&#8221;518dddf2-c44e-43e1-9da2-bee5288eb63b&#8221; custom_margin_tablet=&#8221;125px||||false|false&#8221; custom_margin_phone=&#8221;125px||||false|false&#8221; custom_margin_last_edited=&#8221;on|desktop&#8221; collapsed=&#8221;on&#8221; global_colors_info=&#8221;{}&#8221;][et_pb_row column_structure=&#8221;1_2,1_2&#8243; _builder_version=&#8221;4.27.0&#8243; _module_preset=&#8221;default&#8221; global_colors_info=&#8221;{}&#8221;][et_pb_column type=&#8221;1_2&#8243; _builder_version=&#8221;4.27.0&#8243; _module_preset=&#8221;default&#8221;][et_pb_heading title=&#8221;Hakk\u0131m\u0131zda&#8221; admin_label=&#8221;#000000&#8243; _builder_version=&#8221;4.27.4&#8243; _module_preset=&#8221;6cb7b146-b4d3-4962-a1a6-02b0008ca926&#8243; title_text_color=&#8221;gcid-primary-color&#8221; background_video_width=&#8221;#000000&#8243; background_video_height=&#8221;#000000&#8243; global_colors_info=&#8221;{%22gcid-primary-color%22:%91%22title_text_color%22%93}&#8221;][\/et_pb_heading][et_pb_heading title=&#8221;Gelece\u011fi \u0130n\u015fa Ediyoruz&#8221; _builder_version=&#8221;4.27.0&#8243; _module_preset=&#8221;37e0a9f4-8121-4c16-85cc-b0ee3713bc85&#8243; custom_margin=&#8221;||10px||false|false&#8221; global_colors_info=&#8221;{}&#8221;][\/et_pb_heading][et_pb_text _builder_version=&#8221;4.27.0&#8243; _module_preset=&#8221;56958acb-afd7-40c9-80b7-ab3524afd406&#8243; header_text_color=&#8221;#000000&#8243; global_colors_info=&#8221;{}&#8221;]<\/p>\n<p data-start=\"293\" data-end=\"634\">STUDIO AVANTI is a project and consulting firm whose foundations were laid in 2019 and which began operating independently in Italy in 2022. Thanks to its talented and dynamic technical staff, multidisciplinary work environment, and strong team spirit, it has quickly become a reliable business partner both nationally and internationally.<\/p>\n<p data-start=\"636\" data-end=\"952\">We operate in integrated building design, fa\u00e7ade engineering, and structural engineering, uniting architecture, engineering, and technology under one roof. Our goal is to create structures and develop sustainable solutions that adapt to lifestyles not only today but also tomorrow.<\/p>\n<p data-start=\"954\" data-end=\"1249\">We aim to add long-term value to our business partners by prioritizing quality, reliability, and sustainability in every project. In line with this vision, we implement innovative, environmentally sensitive projects that comply with international standards through interdisciplinary collaboration.<\/p>\n<p>[\/et_pb_text][et_pb_button button_url=&#8221;@ET-DC@eyJkeW5hbWljIjp0cnVlLCJjb250ZW50IjoicG9zdF9saW5rX3VybF9wYWdlIiwic2V0dGluZ3MiOnsicG9zdF9pZCI6IjE0In19@&#8221; button_text=&#8221;Projelerimiz&#8221; _builder_version=&#8221;4.27.4&#8243; _dynamic_attributes=&#8221;button_url&#8221; _module_preset=&#8221;default&#8221; global_colors_info=&#8221;{}&#8221;][\/et_pb_button][\/et_pb_column][et_pb_column type=&#8221;1_2&#8243; _builder_version=&#8221;4.27.0&#8243; _module_preset=&#8221;default&#8221;][et_pb_image src=&#8221;https:\/\/www.avantibuildingdesign.com\/wp-content\/uploads\/2025\/09\/studio-avanti-16.jpg&#8221; title_text=&#8221;studio avanti (16)&#8221; _builder_version=&#8221;4.27.4&#8243; _module_preset=&#8221;default&#8221; custom_margin=&#8221;58px|||||&#8221; global_colors_info=&#8221;{}&#8221;][\/et_pb_image][\/et_pb_column][\/et_pb_row][\/et_pb_section][et_pb_section fb_built=&#8221;1&#8243; admin_label=&#8221;Features&#8221; _builder_version=&#8221;4.27.0&#8243; _module_preset=&#8221;default&#8221; collapsed=&#8221;on&#8221; global_colors_info=&#8221;{}&#8221;][et_pb_row column_structure=&#8221;1_2,1_2&#8243; _builder_version=&#8221;4.27.4&#8243; _module_preset=&#8221;default&#8221; global_colors_info=&#8221;{}&#8221;][et_pb_column type=&#8221;1_2&#8243; _builder_version=&#8221;4.27.0&#8243; _module_preset=&#8221;default&#8221;][et_pb_image src=&#8221;https:\/\/www.avantibuildingdesign.com\/wp-content\/uploads\/2025\/09\/architect-02.jpg&#8221; title_text=&#8221;architect-02&#8243; align=&#8221;center&#8221; _builder_version=&#8221;4.27.4&#8243; _module_preset=&#8221;default&#8221; global_colors_info=&#8221;{}&#8221;][\/et_pb_image][et_pb_heading title=&#8221;Misyonumuz&#8221; _builder_version=&#8221;4.27.4&#8243; _module_preset=&#8221;782b1433-c932-4e59-ac48-d0ce384e9e73&#8243; title_text_align=&#8221;center&#8221; custom_margin=&#8221;||10px||false|false&#8221; global_colors_info=&#8221;{}&#8221;][\/et_pb_heading][et_pb_text _builder_version=&#8221;4.27.0&#8243; _module_preset=&#8221;default&#8221; header_text_color=&#8221;#000000&#8243; text_orientation=&#8221;center&#8221; global_colors_info=&#8221;{}&#8221;]<\/p>\n<p data-start=\"366\" data-end=\"558\">To design environmentally friendly and innovative structures that add value to lifestyles; to offer sustainable solutions at international standards by integrating architecture, engineering and technology.<\/p>\n<p>[\/et_pb_text][et_pb_button button_url=&#8221;@ET-DC@eyJkeW5hbWljIjp0cnVlLCJjb250ZW50IjoicG9zdF9saW5rX3VybF9wYWdlIiwic2V0dGluZ3MiOnsicG9zdF9pZCI6IjEwIn19@&#8221; button_text=&#8221;Daha fazla&#8221; button_alignment=&#8221;center&#8221; _builder_version=&#8221;4.27.4&#8243; _dynamic_attributes=&#8221;button_url&#8221; _module_preset=&#8221;d20c5c9e-10d3-47ec-a13b-f6d297430319&#8243; button_font=&#8221;Poppins||||||||&#8221; global_colors_info=&#8221;{}&#8221;][\/et_pb_button][\/et_pb_column][et_pb_column type=&#8221;1_2&#8243; _builder_version=&#8221;4.27.0&#8243; _module_preset=&#8221;default&#8221;][et_pb_image src=&#8221;https:\/\/www.avantibuildingdesign.com\/wp-content\/uploads\/2025\/09\/architect-07.jpg&#8221; title_text=&#8221;architect-07&#8243; align=&#8221;center&#8221; _builder_version=&#8221;4.27.4&#8243; _module_preset=&#8221;default&#8221; global_colors_info=&#8221;{}&#8221;][\/et_pb_image][et_pb_heading title=&#8221;Vizyonumuz&#8221; _builder_version=&#8221;4.27.4&#8243; _module_preset=&#8221;782b1433-c932-4e59-ac48-d0ce384e9e73&#8243; title_text_align=&#8221;center&#8221; custom_margin=&#8221;||10px||false|false&#8221; global_colors_info=&#8221;{}&#8221;][\/et_pb_heading][et_pb_text _builder_version=&#8221;4.27.0&#8243; _module_preset=&#8221;default&#8221; header_text_color=&#8221;#000000&#8243; text_orientation=&#8221;center&#8221; global_colors_info=&#8221;{}&#8221;]<\/p>\n<p data-start=\"581\" data-end=\"741\">To be a preferred brand on a global scale with reliable, high-quality and innovative projects that will shape the cities of the future while meeting today&#039;s needs.<\/p>\n<p>[\/et_pb_text][et_pb_button button_url=&#8221;@ET-DC@eyJkeW5hbWljIjp0cnVlLCJjb250ZW50IjoicG9zdF9saW5rX3VybF9wYWdlIiwic2V0dGluZ3MiOnsicG9zdF9pZCI6IjEwIn19@&#8221; button_text=&#8221;Daha fazla&#8221; button_alignment=&#8221;center&#8221; _builder_version=&#8221;4.27.4&#8243; _dynamic_attributes=&#8221;button_url&#8221; _module_preset=&#8221;d20c5c9e-10d3-47ec-a13b-f6d297430319&#8243; button_font=&#8221;Poppins||||||||&#8221; global_colors_info=&#8221;{}&#8221;][\/et_pb_button][\/et_pb_column][\/et_pb_row][\/et_pb_section][et_pb_section fb_built=&#8221;1&#8243; admin_label=&#8221;About &#038; Services&#8221; _builder_version=&#8221;4.27.4&#8243; _module_preset=&#8221;27958d17-a2c9-4dce-ab81-4608729cc115&#8243; background_color=&#8221;gcid-b6c4f12c-f25d-4f61-9fb1-6e96404634cd&#8221; background_enable_image=&#8221;off&#8221; locked=&#8221;off&#8221; collapsed=&#8221;on&#8221; global_colors_info=&#8221;{%22gcid-b6c4f12c-f25d-4f61-9fb1-6e96404634cd%22:%91%22background_color%22%93}&#8221;][et_pb_row _builder_version=&#8221;4.27.0&#8243; custom_margin=&#8221;|||&#8221; global_colors_info=&#8221;{}&#8221;][et_pb_column type=&#8221;4_4&#8243; _builder_version=&#8221;4.16&#8243; custom_padding=&#8221;|||&#8221; global_colors_info=&#8221;{}&#8221; custom_padding__hover=&#8221;|||&#8221;][et_pb_heading title=&#8221;Ne Yap\u0131yoruz?&#8221; _builder_version=&#8221;4.27.4&#8243; _module_preset=&#8221;6cb7b146-b4d3-4962-a1a6-02b0008ca926&#8243; title_text_align=&#8221;center&#8221; title_text_color=&#8221;gcid-primary-color&#8221; locked=&#8221;off&#8221; global_colors_info=&#8221;{%22gcid-primary-color%22:%91%22title_text_color%22%93}&#8221;][\/et_pb_heading][et_pb_heading title=&#8221;Her projede estetik, i\u015flevsellik ve g\u00fcvenli\u011fi \u00f6n planda tutarak yenilik\u00e7i yap\u0131lar tasarl\u0131yoruz.&#8221; _builder_version=&#8221;4.27.4&#8243; _module_preset=&#8221;08979384-17fb-42f4-a5b7-a40b761f67ac&#8221; title_font=&#8221;Poppins||||||||&#8221; title_text_align=&#8221;center&#8221; title_text_color=&#8221;#000000&#8243; locked=&#8221;off&#8221; global_colors_info=&#8221;{}&#8221;][\/et_pb_heading][\/et_pb_column][\/et_pb_row][et_pb_row column_structure=&#8221;1_3,1_3,1_3&#8243; _builder_version=&#8221;4.27.0&#8243; _module_preset=&#8221;default&#8221; global_colors_info=&#8221;{}&#8221;][et_pb_column type=&#8221;1_3&#8243; _builder_version=&#8221;4.27.0&#8243; _module_preset=&#8221;908281b7-fdfa-4513-8794-4b472b511d76&#8243; global_colors_info=&#8221;{}&#8221;][et_pb_blurb title=&#8221;Entegre Yap\u0131 Tasar\u0131m\u0131&#8221; use_icon=&#8221;on&#8221; font_icon=&#8221;&#xf085;||fa||900&#8243; icon_placement=&#8221;top&#8221; icon_alignment=&#8221;center&#8221; _builder_version=&#8221;4.27.4&#8243; _module_preset=&#8221;cdf90875-3a53-4414-92b0-da720865caed&#8221; header_font=&#8221;Poppins||||||||&#8221; header_text_color=&#8221;#000000&#8243; body_text_color=&#8221;#000000&#8243; text_orientation=&#8221;center&#8221; hover_enabled=&#8221;0&#8243; global_colors_info=&#8221;{}&#8221; sticky_enabled=&#8221;0&#8243;]<\/p>\n<p data-start=\"165\" data-end=\"351\">We combine architecture, engineering and sustainability criteria into a single whole through interdisciplinary coordination.<\/p>\n<p>[\/et_pb_blurb][\/et_pb_column][et_pb_column type=&#8221;1_3&#8243; _builder_version=&#8221;4.27.0&#8243; _module_preset=&#8221;908281b7-fdfa-4513-8794-4b472b511d76&#8243; global_colors_info=&#8221;{}&#8221;][et_pb_blurb title=&#8221;Hesaplamal\u0131 Tasar\u0131m &#038; Parametrik Mimarl\u0131k&#8221; use_icon=&#8221;on&#8221; font_icon=&#8221;&#xf5fd;||fa||900&#8243; icon_placement=&#8221;top&#8221; icon_alignment=&#8221;center&#8221; _builder_version=&#8221;4.27.4&#8243; _module_preset=&#8221;cdf90875-3a53-4414-92b0-da720865caed&#8221; header_font=&#8221;Poppins||||||||&#8221; header_text_color=&#8221;#000000&#8243; body_text_color=&#8221;#000000&#8243; text_orientation=&#8221;center&#8221; hover_enabled=&#8221;0&#8243; global_colors_info=&#8221;{}&#8221; sticky_enabled=&#8221;0&#8243;]<\/p>\n<p data-start=\"353\" data-end=\"563\">We redefine every project with intelligent design processes based on data, algorithms and performance analysis.<\/p>\n<p>[\/et_pb_blurb][\/et_pb_column][et_pb_column type=&#8221;1_3&#8243; _builder_version=&#8221;4.27.0&#8243; _module_preset=&#8221;908281b7-fdfa-4513-8794-4b472b511d76&#8243; global_colors_info=&#8221;{}&#8221;][et_pb_blurb title=&#8221;Pasif Ev Tasar\u0131m\u0131&#8221; use_icon=&#8221;on&#8221; font_icon=&#8221;&#xf299;||fa||400&#8243; icon_placement=&#8221;top&#8221; icon_alignment=&#8221;center&#8221; _builder_version=&#8221;4.27.4&#8243; _module_preset=&#8221;cdf90875-3a53-4414-92b0-da720865caed&#8221; header_font=&#8221;Poppins||||||||&#8221; header_text_color=&#8221;#000000&#8243; body_text_color=&#8221;#000000&#8243; text_orientation=&#8221;center&#8221; hover_enabled=&#8221;0&#8243; global_colors_info=&#8221;{}&#8221; sticky_enabled=&#8221;0&#8243;]<\/p>\n<p data-start=\"565\" data-end=\"732\">We design sustainable buildings of the future by combining energy efficiency, comfort and environmentally friendly living.<\/p>\n<p>[\/et_pb_blurb][\/et_pb_column][\/et_pb_row][et_pb_row column_structure=&#8221;1_3,1_3,1_3&#8243; _builder_version=&#8221;4.27.4&#8243; _module_preset=&#8221;default&#8221; hover_enabled=&#8221;0&#8243; global_colors_info=&#8221;{}&#8221; sticky_enabled=&#8221;0&#8243;][et_pb_column type=&#8221;1_3&#8243; _builder_version=&#8221;4.27.0&#8243; _module_preset=&#8221;908281b7-fdfa-4513-8794-4b472b511d76&#8243; global_colors_info=&#8221;{}&#8221;][et_pb_blurb title=&#8221;D\u00fc\u015f\u00fck Enerjili Bina Tasar\u0131m\u0131&#8221; use_icon=&#8221;on&#8221; font_icon=&#8221;&#xf0eb;||fa||900&#8243; icon_placement=&#8221;top&#8221; icon_alignment=&#8221;center&#8221; _builder_version=&#8221;4.27.4&#8243; _module_preset=&#8221;cdf90875-3a53-4414-92b0-da720865caed&#8221; header_font=&#8221;Poppins||||||||&#8221; header_text_color=&#8221;#000000&#8243; body_text_color=&#8221;#000000&#8243; text_orientation=&#8221;center&#8221; hover_enabled=&#8221;0&#8243; global_colors_info=&#8221;{}&#8221; sticky_enabled=&#8221;0&#8243;]<\/p>\n<p data-start=\"734\" data-end=\"915\">We develop environmentally friendly structures with high-performance and economical solutions that minimize energy consumption.<\/p>\n<p>[\/et_pb_blurb][\/et_pb_column][et_pb_column type=&#8221;1_3&#8243; _builder_version=&#8221;4.27.0&#8243; _module_preset=&#8221;908281b7-fdfa-4513-8794-4b472b511d76&#8243; global_colors_info=&#8221;{}&#8221;][et_pb_blurb title=&#8221;Yap\u0131 Zarf\u0131 ve Cephe M\u00fchendisli\u011fi&#8221; use_icon=&#8221;on&#8221; font_icon=&#8221;&#xf0db;||fa||900&#8243; icon_placement=&#8221;top&#8221; icon_alignment=&#8221;center&#8221; _builder_version=&#8221;4.27.4&#8243; _module_preset=&#8221;cdf90875-3a53-4414-92b0-da720865caed&#8221; header_font=&#8221;Poppins||||||||&#8221; header_text_color=&#8221;#000000&#8243; body_text_color=&#8221;#000000&#8243; text_orientation=&#8221;center&#8221; hover_enabled=&#8221;0&#8243; global_colors_info=&#8221;{}&#8221; sticky_enabled=&#8221;0&#8243;]<\/p>\n<p data-start=\"917\" data-end=\"1113\">We produce innovative fa\u00e7ade solutions that optimize aesthetics, durability and energy efficiency in the building envelope.<\/p>\n<p>[\/et_pb_blurb][\/et_pb_column][et_pb_column type=&#8221;1_3&#8243; _builder_version=&#8221;4.27.4&#8243; _module_preset=&#8221;908281b7-fdfa-4513-8794-4b472b511d76&#8243; hover_enabled=&#8221;0&#8243; global_colors_info=&#8221;{}&#8221; sticky_enabled=&#8221;0&#8243;][et_pb_blurb title=&#8221;Sismik Tasar\u0131m&#8221; use_icon=&#8221;on&#8221; font_icon=&#8221;&#xf3ed;||fa||900&#8243; icon_placement=&#8221;top&#8221; icon_alignment=&#8221;center&#8221; _builder_version=&#8221;4.27.4&#8243; _module_preset=&#8221;cdf90875-3a53-4414-92b0-da720865caed&#8221; header_font=&#8221;Poppins||||||||&#8221; header_text_color=&#8221;#000000&#8243; body_text_color=&#8221;#000000&#8243; text_orientation=&#8221;center&#8221; hover_enabled=&#8221;0&#8243; global_colors_info=&#8221;{}&#8221; sticky_enabled=&#8221;0&#8243;]<\/p>\n<p data-start=\"1115\" data-end=\"1253\">We combine engineering excellence with aesthetics with earthquake-resistant, safe and flexible structures.<\/p>\n<p>[\/et_pb_blurb][\/et_pb_column][\/et_pb_row][et_pb_row _builder_version=&#8221;4.27.0&#8243; locked=&#8221;off&#8221; global_colors_info=&#8221;{}&#8221;][et_pb_column type=&#8221;4_4&#8243; _builder_version=&#8221;4.16&#8243; custom_padding=&#8221;|||&#8221; global_colors_info=&#8221;{}&#8221; custom_padding__hover=&#8221;|||&#8221;][et_pb_button button_url=&#8221;@ET-DC@eyJkeW5hbWljIjp0cnVlLCJjb250ZW50IjoicG9zdF9saW5rX3VybF9wYWdlIiwic2V0dGluZ3MiOnsicG9zdF9pZCI6IjE4MSJ9fQ==@&#8221; button_text=&#8221;Ne Yap\u0131yoruz?&#8221; button_alignment=&#8221;center&#8221; _builder_version=&#8221;4.27.4&#8243; _dynamic_attributes=&#8221;button_url&#8221; _module_preset=&#8221;2fdf0008-87d3-44e5-aff0-d773d16e364f&#8221; hover_enabled=&#8221;0&#8243; button_letter_spacing_hover=&#8221;2px&#8221; button_bg_color_hover=&#8221;rgba(0,0,0,0)&#8221; locked=&#8221;off&#8221; global_colors_info=&#8221;{}&#8221; button_one_text_size__hover_enabled=&#8221;off&#8221; button_two_text_size__hover_enabled=&#8221;off&#8221; button_one_text_color__hover_enabled=&#8221;off&#8221; button_two_text_color__hover_enabled=&#8221;off&#8221; button_one_border_width__hover_enabled=&#8221;off&#8221; button_two_border_width__hover_enabled=&#8221;off&#8221; button_one_border_color__hover_enabled=&#8221;off&#8221; button_two_border_color__hover_enabled=&#8221;off&#8221; button_one_border_radius__hover_enabled=&#8221;off&#8221; button_two_border_radius__hover_enabled=&#8221;off&#8221; button_one_letter_spacing__hover_enabled=&#8221;off&#8221; button_two_letter_spacing__hover_enabled=&#8221;off&#8221; button_one_bg_color__hover_enabled=&#8221;off&#8221; button_two_bg_color__hover_enabled=&#8221;off&#8221; sticky_enabled=&#8221;0&#8243;][\/et_pb_button][\/et_pb_column][\/et_pb_row][\/et_pb_section][et_pb_section fb_built=&#8221;1&#8243; admin_label=&#8221;Call to Action&#8221; _builder_version=&#8221;4.27.4&#8243; _module_preset=&#8221;default&#8221; background_enable_color=&#8221;off&#8221; locked=&#8221;off&#8221; global_colors_info=&#8221;{}&#8221;][et_pb_row _builder_version=&#8221;4.27.0&#8243; _module_preset=&#8221;default&#8221; global_colors_info=&#8221;{}&#8221;][et_pb_column type=&#8221;4_4&#8243; _builder_version=&#8221;4.27.0&#8243; _module_preset=&#8221;default&#8221;][et_pb_cta title=&#8221;Bir Projeniz mi Var?&#8221; button_url=&#8221;@ET-DC@eyJkeW5hbWljIjp0cnVlLCJjb250ZW50IjoicG9zdF9saW5rX3VybF9wYWdlIiwic2V0dGluZ3MiOnsicG9zdF9pZCI6IjEwIn19@&#8221; button_text=&#8221;Bizimle \u0130leti\u015fime Ge\u00e7in&#8221; _builder_version=&#8221;4.27.4&#8243; _dynamic_attributes=&#8221;button_url&#8221; _module_preset=&#8221;49e7f4f9-ab34-4b6b-9797-fb9c627806ef&#8221; body_font=&#8221;Poppins||||||||&#8221; global_colors_info=&#8221;{}&#8221;]<\/p>\n<p>Let&#039;s work together to bring your ideas to life. The first step is to contact us\u2014we&#039;ll listen to your project and, together, develop the perfect solution.<\/p>\n<p>[\/et_pb_cta][\/et_pb_column][\/et_pb_row][\/et_pb_section]<\/p>","protected":false},"excerpt":{"rendered":"<p>STUDIO AVANTI, fikir temelleri 2019 y\u0131l\u0131nda at\u0131lm\u0131\u015f, 2022 y\u0131l\u0131nda \u0130talya\u2019da ba\u011f\u0131ms\u0131z olarak faaliyet g\u00f6stermeye ba\u015flam\u0131\u015f bir proje ve dan\u0131\u015fmanl\u0131k firmas\u0131d\u0131r. Yetenekli ve dinamik teknik kadrosu, multidisipliner \u00e7al\u0131\u015fma ortam\u0131 ve g\u00fc\u00e7l\u00fc tak\u0131m ruhu sayesinde k\u0131sa s\u00fcrede ulusal ve uluslararas\u0131 alanda g\u00fcvenilir bir i\u015f orta\u011f\u0131 haline gelmi\u015ftir. Faaliyetlerimizi, entegre bina tasar\u0131m\u0131, cephe m\u00fchendisli\u011fi ve yap\u0131sal m\u00fchendislik alanlar\u0131nda [&hellip;]<\/p>","protected":false},"author":1,"featured_media":0,"parent":0,"menu_order":0,"comment_status":"closed","ping_status":"closed","template":"","meta":{"_et_pb_use_builder":"on","_et_pb_old_content":"","_et_gb_content_width":"","slim_seo":{"title":"Kurumsal - STUDIO AVANTI","description":"STUDIO AVANTI is a project and consultancy firm whose foundations were laid in 2019 and which began operating independently in Italy in 2022."},"footnotes":""},"dipi_cpt_category":[],"class_list":["post-6","page","type-page","status-publish","hentry"],"_links":{"self":[{"href":"https:\/\/www.avantibuildingdesign.com\/en\/wp-json\/wp\/v2\/pages\/6","targetHints":{"allow":["GET"]}}],"collection":[{"href":"https:\/\/www.avantibuildingdesign.com\/en\/wp-json\/wp\/v2\/pages"}],"about":[{"href":"https:\/\/www.avantibuildingdesign.com\/en\/wp-json\/wp\/v2\/types\/page"}],"author":[{"embeddable":true,"href":"https:\/\/www.avantibuildingdesign.com\/en\/wp-json\/wp\/v2\/users\/1"}],"replies":[{"embeddable":true,"href":"https:\/\/www.avantibuildingdesign.com\/en\/wp-json\/wp\/v2\/comments?post=6"}],"version-history":[{"count":0,"href":"https:\/\/www.avantibuildingdesign.com\/en\/wp-json\/wp\/v2\/pages\/6\/revisions"}],"wp:attachment":[{"href":"https:\/\/www.avantibuildingdesign.com\/en\/wp-json\/wp\/v2\/media?parent=6"}],"wp:term":[{"taxonomy":"dipi_cpt_category","embeddable":true,"href":"https:\/\/www.avantibuildingdesign.com\/en\/wp-json\/wp\/v2\/dipi_cpt_category?post=6"}],"curies":[{"name":"wp","href":"https:\/\/api.w.org\/{rel}","templated":true}]}}